{"id":1332,"date":"2024-10-20T17:23:38","date_gmt":"2024-10-20T15:23:38","guid":{"rendered":"https:\/\/heforum.net\/?page_id=1332"},"modified":"2024-10-21T15:33:39","modified_gmt":"2024-10-21T13:33:39","slug":"insidan","status":"publish","type":"page","link":"https:\/\/heforum.net\/en\/insidan\/","title":{"rendered":"The inside"},"content":{"rendered":"<div class=\"pmpro\"><div class=\"pmpro_card pmpro_content_message\"><h2 class=\"pmpro_card_title pmpro_font-large\"><svg xmlns=\"http:\/\/www.w3.org\/2000\/svg\" width=\"24\" height=\"24\" viewbox=\"0 0 24 24\" fill=\"none\" stroke=\"var(--pmpro--color--accent)\" stroke-width=\"2\" stroke-linecap=\"round\" stroke-linejoin=\"round\" class=\"feather feather-lock\"><rect x=\"3\" y=\"11\" width=\"18\" height=\"11\" rx=\"2\" ry=\"2\"><\/rect><path d=\"M7 11V7a5 5 0 0 1 10 0v4\"><\/path><\/svg>Aktivist Membership Required<\/h2><div class=\"pmpro_card_content\"><p> You must be a Aktivist member to access this content.<\/p><p><a class=\"pmpro_btn\" href=\"https:\/\/heforum.net\/en\/membership-checkout\/?pmpro_level=2\">Join Now<\/a><\/p><\/div><div class=\"pmpro_card_actions pmpro_font-medium\">Already a member? <a href=\"https:\/\/heforum.net\/en\/login\/?redirect_to=https%3A%2F%2Fheforum.net%2Fen%2Finsidan%2F\">Log in here<\/a><\/div><\/div><\/div>","protected":false},"excerpt":{"rendered":"<div class=\"pmpro\"><div class=\"pmpro_card pmpro_content_message\"><h2 class=\"pmpro_card_title pmpro_font-large\"><svg xmlns=\"http:\/\/www.w3.org\/2000\/svg\" width=\"24\" height=\"24\" viewbox=\"0 0 24 24\" fill=\"none\" stroke=\"var(--pmpro--color--accent)\" stroke-width=\"2\" stroke-linecap=\"round\" stroke-linejoin=\"round\" class=\"feather feather-lock\"><rect x=\"3\" y=\"11\" width=\"18\" height=\"11\" rx=\"2\" ry=\"2\"><\/rect><path d=\"M7 11V7a5 5 0 0 1 10 0v4\"><\/path><\/svg>Aktivist Membership Required<\/h2><div class=\"pmpro_card_content\"><p> You must be a Aktivist member to access this content.<\/p><p><a class=\"pmpro_btn\" href=\"https:\/\/heforum.net\/en\/membership-checkout\/?pmpro_level=2\">Join Now<\/a><\/p><\/div><div class=\"pmpro_card_actions pmpro_font-medium\">Already a member? <a href=\"https:\/\/heforum.net\/en\/login\/?redirect_to=https%3A%2F%2Fheforum.net%2Fen%2Finsidan%2F\">Log in here<\/a><\/div><\/div><\/div>","protected":false},"author":3,"featured_media":0,"parent":0,"menu_order":0,"comment_status":"closed","ping_status":"closed","template":"","meta":{"pmpro_default_level":"","iawp_total_views":59,"footnotes":""},"class_list":["post-1332","page","type-page","status-publish","hentry","pmpro-level-required","pmpro-level-2","pmpro-no-access"],"yoast_head":"<!-- This site is optimized with the Yoast SEO plugin v24.4 - https:\/\/yoast.com\/wordpress\/plugins\/seo\/ -->\n<title>Insidan - Heavens Economic Forum<\/title>\n<meta name=\"robots\" content=\"index, follow, max-snippet:-1, max-image-preview:large, max-video-preview:-1\" \/>\n<link rel=\"canonical\" href=\"https:\/\/heforum.net\/en\/insidan\/\" \/>\n<meta property=\"og:locale\" content=\"en_GB\" \/>\n<meta property=\"og:type\" content=\"article\" \/>\n<meta property=\"og:title\" content=\"Insidan - Heavens Economic Forum\" \/>\n<meta property=\"og:description\" content=\"Aktivist Membership Required You must be a Aktivist member to access this content.Join NowAlready a member? Log in here\" \/>\n<meta property=\"og:url\" content=\"https:\/\/heforum.net\/en\/insidan\/\" \/>\n<meta property=\"og:site_name\" content=\"Heavens Economic Forum\" \/>\n<meta property=\"article:modified_time\" content=\"2024-10-21T13:33:39+00:00\" \/>\n<meta name=\"twitter:card\" content=\"summary_large_image\" \/>\n<meta name=\"twitter:label1\" content=\"Estimated reading time\" \/>\n\t<meta name=\"twitter:data1\" content=\"1 minute\" \/>\n<script type=\"application\/ld+json\" class=\"yoast-schema-graph\">{\"@context\":\"https:\/\/schema.org\",\"@graph\":[{\"@type\":\"WebPage\",\"@id\":\"https:\/\/heforum.net\/insidan\/\",\"url\":\"https:\/\/heforum.net\/insidan\/\",\"name\":\"Insidan - Heavens Economic Forum\",\"isPartOf\":{\"@id\":\"https:\/\/heforum.net\/#website\"},\"datePublished\":\"2024-10-20T15:23:38+00:00\",\"dateModified\":\"2024-10-21T13:33:39+00:00\",\"breadcrumb\":{\"@id\":\"https:\/\/heforum.net\/insidan\/#breadcrumb\"},\"inLanguage\":\"en-GB\",\"potentialAction\":[{\"@type\":\"ReadAction\",\"target\":[\"https:\/\/heforum.net\/insidan\/\"]}]},{\"@type\":\"BreadcrumbList\",\"@id\":\"https:\/\/heforum.net\/insidan\/#breadcrumb\",\"itemListElement\":[{\"@type\":\"ListItem\",\"position\":1,\"name\":\"Home\",\"item\":\"https:\/\/heforum.net\/\"},{\"@type\":\"ListItem\",\"position\":2,\"name\":\"Insidan\"}]},{\"@type\":\"WebSite\",\"@id\":\"https:\/\/heforum.net\/#website\",\"url\":\"https:\/\/heforum.net\/\",\"name\":\"Heavens Economic Forum\",\"description\":\"F\u00f6r ett samh\u00e4lle byggt p\u00e5 r\u00e4ttf\u00e4rdighet och r\u00e4tt\",\"publisher\":{\"@id\":\"https:\/\/heforum.net\/#organization\"},\"potentialAction\":[{\"@type\":\"SearchAction\",\"target\":{\"@type\":\"EntryPoint\",\"urlTemplate\":\"https:\/\/heforum.net\/?s={search_term_string}\"},\"query-input\":{\"@type\":\"PropertyValueSpecification\",\"valueRequired\":true,\"valueName\":\"search_term_string\"}}],\"inLanguage\":\"en-GB\"},{\"@type\":\"Organization\",\"@id\":\"https:\/\/heforum.net\/#organization\",\"name\":\"Heavens Economic Forum\",\"url\":\"https:\/\/heforum.net\/\",\"logo\":{\"@type\":\"ImageObject\",\"inLanguage\":\"en-GB\",\"@id\":\"https:\/\/heforum.net\/#\/schema\/logo\/image\/\",\"url\":\"https:\/\/heforum.net\/wp-content\/uploads\/2024\/09\/HEF-Logo-350x100-1.png\",\"contentUrl\":\"https:\/\/heforum.net\/wp-content\/uploads\/2024\/09\/HEF-Logo-350x100-1.png\",\"width\":350,\"height\":133,\"caption\":\"Heavens Economic Forum\"},\"image\":{\"@id\":\"https:\/\/heforum.net\/#\/schema\/logo\/image\/\"}}]}<\/script>\n<!-- \/ Yoast SEO plugin. -->","yoast_head_json":{"title":"Insidan - Heavens Economic Forum","robots":{"index":"index","follow":"follow","max-snippet":"max-snippet:-1","max-image-preview":"max-image-preview:large","max-video-preview":"max-video-preview:-1"},"canonical":"https:\/\/heforum.net\/en\/insidan\/","og_locale":"en_GB","og_type":"article","og_title":"Insidan - Heavens Economic Forum","og_description":"Aktivist Membership Required You must be a Aktivist member to access this content.Join NowAlready a member? Log in here","og_url":"https:\/\/heforum.net\/en\/insidan\/","og_site_name":"Heavens Economic Forum","article_modified_time":"2024-10-21T13:33:39+00:00","twitter_card":"summary_large_image","twitter_misc":{"Estimated reading time":"1 minute"},"schema":{"@context":"https:\/\/schema.org","@graph":[{"@type":"WebPage","@id":"https:\/\/heforum.net\/insidan\/","url":"https:\/\/heforum.net\/insidan\/","name":"Insidan - Heavens Economic Forum","isPartOf":{"@id":"https:\/\/heforum.net\/#website"},"datePublished":"2024-10-20T15:23:38+00:00","dateModified":"2024-10-21T13:33:39+00:00","breadcrumb":{"@id":"https:\/\/heforum.net\/insidan\/#breadcrumb"},"inLanguage":"en-GB","potentialAction":[{"@type":"ReadAction","target":["https:\/\/heforum.net\/insidan\/"]}]},{"@type":"BreadcrumbList","@id":"https:\/\/heforum.net\/insidan\/#breadcrumb","itemListElement":[{"@type":"ListItem","position":1,"name":"Home","item":"https:\/\/heforum.net\/"},{"@type":"ListItem","position":2,"name":"Insidan"}]},{"@type":"WebSite","@id":"https:\/\/heforum.net\/#website","url":"https:\/\/heforum.net\/","name":"Heavens Economic Forum","description":"F\u00f6r ett samh\u00e4lle byggt p\u00e5 r\u00e4ttf\u00e4rdighet och r\u00e4tt","publisher":{"@id":"https:\/\/heforum.net\/#organization"},"potentialAction":[{"@type":"SearchAction","target":{"@type":"EntryPoint","urlTemplate":"https:\/\/heforum.net\/?s={search_term_string}"},"query-input":{"@type":"PropertyValueSpecification","valueRequired":true,"valueName":"search_term_string"}}],"inLanguage":"en-GB"},{"@type":"Organization","@id":"https:\/\/heforum.net\/#organization","name":"Heavens Economic Forum","url":"https:\/\/heforum.net\/","logo":{"@type":"ImageObject","inLanguage":"en-GB","@id":"https:\/\/heforum.net\/#\/schema\/logo\/image\/","url":"https:\/\/heforum.net\/wp-content\/uploads\/2024\/09\/HEF-Logo-350x100-1.png","contentUrl":"https:\/\/heforum.net\/wp-content\/uploads\/2024\/09\/HEF-Logo-350x100-1.png","width":350,"height":133,"caption":"Heavens Economic Forum"},"image":{"@id":"https:\/\/heforum.net\/#\/schema\/logo\/image\/"}}]}},"_links":{"self":[{"href":"https:\/\/heforum.net\/en\/wp-json\/wp\/v2\/pages\/1332","targetHints":{"allow":["GET"]}}],"collection":[{"href":"https:\/\/heforum.net\/en\/wp-json\/wp\/v2\/pages"}],"about":[{"href":"https:\/\/heforum.net\/en\/wp-json\/wp\/v2\/types\/page"}],"author":[{"embeddable":true,"href":"https:\/\/heforum.net\/en\/wp-json\/wp\/v2\/users\/3"}],"replies":[{"embeddable":true,"href":"https:\/\/heforum.net\/en\/wp-json\/wp\/v2\/comments?post=1332"}],"version-history":[{"count":30,"href":"https:\/\/heforum.net\/en\/wp-json\/wp\/v2\/pages\/1332\/revisions"}],"predecessor-version":[{"id":1430,"href":"https:\/\/heforum.net\/en\/wp-json\/wp\/v2\/pages\/1332\/revisions\/1430"}],"wp:attachment":[{"href":"https:\/\/heforum.net\/en\/wp-json\/wp\/v2\/media?parent=1332"}],"curies":[{"name":"wp","href":"https:\/\/api.w.org\/{rel}","templated":true}]}}