{"id":467,"date":"2024-09-23T14:57:03","date_gmt":"2024-09-23T14:57:03","guid":{"rendered":"https:\/\/heforum.net\/membership-levels\/"},"modified":"2024-10-13T12:18:17","modified_gmt":"2024-10-13T10:18:17","slug":"membership-levels","status":"publish","type":"page","link":"https:\/\/heforum.net\/en\/membership-levels\/","title":{"rendered":"Medlemsniv\u00e5er"},"content":{"rendered":"<div data-elementor-type=\"wp-page\" data-elementor-id=\"467\" class=\"elementor elementor-467\" data-elementor-post-type=\"page\">\n\t\t\t\t<div class=\"elementor-element elementor-element-39e96ab e-flex e-con-boxed e-con e-parent\" data-id=\"39e96ab\" data-element_type=\"container\">\n\t\t\t\t\t<div class=\"e-con-inner\">\n\t\t\t\t<div class=\"elementor-element elementor-element-f883795 elementor-widget elementor-widget-spacer\" data-id=\"f883795\" data-element_type=\"widget\" data-widget_type=\"spacer.default\">\n\t\t\t\t<div class=\"elementor-widget-container\">\n\t\t\t\t\t\t\t<div class=\"elementor-spacer\">\n\t\t\t<div class=\"elementor-spacer-inner\"><\/div>\n\t\t<\/div>\n\t\t\t\t\t\t<\/div>\n\t\t\t\t<\/div>\n\t\t\t\t<div class=\"elementor-element elementor-element-1d78273 elementor-widget elementor-widget-heading\" data-id=\"1d78273\" data-element_type=\"widget\" data-widget_type=\"heading.default\">\n\t\t\t\t<div class=\"elementor-widget-container\">\n\t\t\t\t\t<h2 class=\"elementor-heading-title elementor-size-default\">Nyhetsbrev<\/h2>\t\t\t\t<\/div>\n\t\t\t\t<\/div>\n\t\t\t\t<div class=\"elementor-element elementor-element-f1352f3 elementor-widget elementor-widget-text-editor\" data-id=\"f1352f3\" data-element_type=\"widget\" data-widget_type=\"text-editor.default\">\n\t\t\t\t<div class=\"elementor-widget-container\">\n\t\t\t\t\t\t\t\t\t<p>Den h\u00e4r niv\u00e5n kommer att h\u00e5lla dig uppdaterad om vad som h\u00e4nder h\u00e4r. Lite nu och d\u00e5, kanske 1-2 g\u00e5nger i m\u00e5naden, kommer du f\u00e5 v\u00e5rt nyhetsbrev och meddelanden via e-post om det vi tycker \u00e4r v\u00e4rt att uppdatera dig om.<\/p><p>Den h\u00e4r niv\u00e5n ger dig inte m\u00f6jlighet att kommentera, l\u00e4sa kommentarer och vara en aktiv del den gemenskap som vi bygger p\u00e5 insidan av plattformen.<\/p>\t\t\t\t\t\t\t\t<\/div>\n\t\t\t\t<\/div>\n\t\t\t\t<div class=\"elementor-element elementor-element-69f64be elementor-widget elementor-widget-spacer\" data-id=\"69f64be\" data-element_type=\"widget\" data-widget_type=\"spacer.default\">\n\t\t\t\t<div class=\"elementor-widget-container\">\n\t\t\t\t\t\t\t<div class=\"elementor-spacer\">\n\t\t\t<div class=\"elementor-spacer-inner\"><\/div>\n\t\t<\/div>\n\t\t\t\t\t\t<\/div>\n\t\t\t\t<\/div>\n\t\t\t\t<div class=\"elementor-element elementor-element-af94746 elementor-widget elementor-widget-heading\" data-id=\"af94746\" data-element_type=\"widget\" data-widget_type=\"heading.default\">\n\t\t\t\t<div class=\"elementor-widget-container\">\n\t\t\t\t\t<h2 class=\"elementor-heading-title elementor-size-default\">Aktivist<\/h2>\t\t\t\t<\/div>\n\t\t\t\t<\/div>\n\t\t\t\t<div class=\"elementor-element elementor-element-4fd339f elementor-widget elementor-widget-text-editor\" data-id=\"4fd339f\" data-element_type=\"widget\" data-widget_type=\"text-editor.default\">\n\t\t\t\t<div class=\"elementor-widget-container\">\n\t\t\t\t\t\t\t\t\t<p>Med denna niv\u00e5 kommer du att f\u00e5 v\u00e5rt nyhetsbrev men ocks\u00e5 ha tillg\u00e5ng till v\u00e5rt community, v\u00e5rt diskussionsforum, v\u00e5r gemenskap att dela information p\u00e5 insidan. V\u00e4lj den h\u00e4r niv\u00e5n om du vill bli en aktivist f\u00f6r sanningen. Denna niv\u00e5 kommer att ha en avgift i framtiden. Vi kommer att s\u00e4ga till i god tid innan s\u00e5 att du kan v\u00e4lja hur du vill g\u00f6ra. <\/p><p>I gemenskapen kommer du att kunna dela information och f\u00e5 kontakt med andra. Funktionerna p\u00e5 insidan \u00e4r under uppbyggnad och du f\u00e5r g\u00e4rna bli en del av det arbetet. Men den h\u00e4r niv\u00e5n kommer att \u00f6ppna upp n\u00e5gra sidor som ger dig en uppfattning om vad som kommer och hur informationen kommer att struktureras.<\/p><p>Vi kommer ocks\u00e5 att be om lite mer information om dig s\u00e5 att vi kan kontakta dig f\u00f6r m\u00f6ten och p\u00e5verkanskampanjer. Det \u00e4r verkligen d\u00e4rf\u00f6r den h\u00e4r organisationen existerar &#8211; f\u00f6r att engagera sanningsk\u00e4mpar att komma samman och trycka tillbaka m\u00f6rkret som vill ta \u00f6ver v\u00e4rlden.<\/p>\t\t\t\t\t\t\t\t<\/div>\n\t\t\t\t<\/div>\n\t\t\t\t\t<\/div>\n\t\t\t\t<\/div>\n\t\t<div class=\"elementor-element elementor-element-dcf1b66 e-flex e-con-boxed e-con e-parent\" data-id=\"dcf1b66\" data-element_type=\"container\">\n\t\t\t\t\t<div class=\"e-con-inner\">\n\t\t\t\t<div class=\"elementor-element elementor-element-72f4e55 elementor-widget elementor-widget-shortcode\" data-id=\"72f4e55\" data-element_type=\"widget\" data-widget_type=\"shortcode.default\">\n\t\t\t\t<div class=\"elementor-widget-container\">\n\t\t\t\t\t\t\t<div class=\"elementor-shortcode\">[pmpro_levels]<\/div>\n\t\t\t\t\t\t<\/div>\n\t\t\t\t<\/div>\n\t\t\t\t\t<\/div>\n\t\t\t\t<\/div>\n\t\t\t\t<\/div>","protected":false},"excerpt":{"rendered":"<p>Nyhetsbrev Den h\u00e4r niv\u00e5n kommer att h\u00e5lla dig uppdaterad om vad som h\u00e4nder h\u00e4r. Lite nu och d\u00e5, kanske 1-2 g\u00e5nger i m\u00e5naden, kommer du f\u00e5 v\u00e5rt nyhetsbrev och meddelanden via e-post om det vi tycker \u00e4r v\u00e4rt att uppdatera dig om. Den h\u00e4r niv\u00e5n ger dig inte m\u00f6jlighet att kommentera, l\u00e4sa kommentarer och vara [&hellip;]<\/p>","protected":false},"author":1,"featured_media":0,"parent":0,"menu_order":0,"comment_status":"closed","ping_status":"closed","template":"","meta":{"pmpro_default_level":"","iawp_total_views":120,"footnotes":""},"class_list":["post-467","page","type-page","status-publish","hentry","pmpro-has-access"],"yoast_head":"<!-- This site is optimized with the Yoast SEO plugin v24.4 - https:\/\/yoast.com\/wordpress\/plugins\/seo\/ -->\n<title>Medlemsniv\u00e5er - Heavens Economic Forum<\/title>\n<meta name=\"robots\" content=\"index, follow, max-snippet:-1, max-image-preview:large, max-video-preview:-1\" \/>\n<link rel=\"canonical\" href=\"https:\/\/heforum.net\/en\/membership-levels\/\" \/>\n<meta property=\"og:locale\" content=\"en_GB\" \/>\n<meta property=\"og:type\" content=\"article\" \/>\n<meta property=\"og:title\" content=\"Medlemsniv\u00e5er - Heavens Economic Forum\" \/>\n<meta property=\"og:description\" content=\"Nyhetsbrev Den h\u00e4r niv\u00e5n kommer att h\u00e5lla dig uppdaterad om vad som h\u00e4nder h\u00e4r. Lite nu och d\u00e5, kanske 1-2 g\u00e5nger i m\u00e5naden, kommer du f\u00e5 v\u00e5rt nyhetsbrev och meddelanden via e-post om det vi tycker \u00e4r v\u00e4rt att uppdatera dig om. Den h\u00e4r niv\u00e5n ger dig inte m\u00f6jlighet att kommentera, l\u00e4sa kommentarer och vara [&hellip;]\" \/>\n<meta property=\"og:url\" content=\"https:\/\/heforum.net\/en\/membership-levels\/\" \/>\n<meta property=\"og:site_name\" content=\"Heavens Economic Forum\" \/>\n<meta property=\"article:modified_time\" content=\"2024-10-13T10:18:17+00:00\" \/>\n<meta name=\"twitter:card\" content=\"summary_large_image\" \/>\n<meta name=\"twitter:label1\" content=\"Estimated reading time\" \/>\n\t<meta name=\"twitter:data1\" content=\"2 minutes\" \/>\n<script type=\"application\/ld+json\" class=\"yoast-schema-graph\">{\"@context\":\"https:\/\/schema.org\",\"@graph\":[{\"@type\":\"WebPage\",\"@id\":\"https:\/\/heforum.net\/membership-levels\/\",\"url\":\"https:\/\/heforum.net\/membership-levels\/\",\"name\":\"Medlemsniv\u00e5er - Heavens Economic Forum\",\"isPartOf\":{\"@id\":\"https:\/\/heforum.net\/#website\"},\"datePublished\":\"2024-09-23T14:57:03+00:00\",\"dateModified\":\"2024-10-13T10:18:17+00:00\",\"breadcrumb\":{\"@id\":\"https:\/\/heforum.net\/membership-levels\/#breadcrumb\"},\"inLanguage\":\"en-GB\",\"potentialAction\":[{\"@type\":\"ReadAction\",\"target\":[\"https:\/\/heforum.net\/membership-levels\/\"]}]},{\"@type\":\"BreadcrumbList\",\"@id\":\"https:\/\/heforum.net\/membership-levels\/#breadcrumb\",\"itemListElement\":[{\"@type\":\"ListItem\",\"position\":1,\"name\":\"Home\",\"item\":\"https:\/\/heforum.net\/\"},{\"@type\":\"ListItem\",\"position\":2,\"name\":\"Medlemsniv\u00e5er\"}]},{\"@type\":\"WebSite\",\"@id\":\"https:\/\/heforum.net\/#website\",\"url\":\"https:\/\/heforum.net\/\",\"name\":\"Heavens Economic Forum\",\"description\":\"F\u00f6r ett samh\u00e4lle byggt p\u00e5 r\u00e4ttf\u00e4rdighet och r\u00e4tt\",\"publisher\":{\"@id\":\"https:\/\/heforum.net\/#organization\"},\"potentialAction\":[{\"@type\":\"SearchAction\",\"target\":{\"@type\":\"EntryPoint\",\"urlTemplate\":\"https:\/\/heforum.net\/?s={search_term_string}\"},\"query-input\":{\"@type\":\"PropertyValueSpecification\",\"valueRequired\":true,\"valueName\":\"search_term_string\"}}],\"inLanguage\":\"en-GB\"},{\"@type\":\"Organization\",\"@id\":\"https:\/\/heforum.net\/#organization\",\"name\":\"Heavens Economic Forum\",\"url\":\"https:\/\/heforum.net\/\",\"logo\":{\"@type\":\"ImageObject\",\"inLanguage\":\"en-GB\",\"@id\":\"https:\/\/heforum.net\/#\/schema\/logo\/image\/\",\"url\":\"https:\/\/heforum.net\/wp-content\/uploads\/2024\/09\/HEF-Logo-350x100-1.png\",\"contentUrl\":\"https:\/\/heforum.net\/wp-content\/uploads\/2024\/09\/HEF-Logo-350x100-1.png\",\"width\":350,\"height\":133,\"caption\":\"Heavens Economic Forum\"},\"image\":{\"@id\":\"https:\/\/heforum.net\/#\/schema\/logo\/image\/\"}}]}<\/script>\n<!-- \/ Yoast SEO plugin. -->","yoast_head_json":{"title":"Medlemsniv\u00e5er - Heavens Economic Forum","robots":{"index":"index","follow":"follow","max-snippet":"max-snippet:-1","max-image-preview":"max-image-preview:large","max-video-preview":"max-video-preview:-1"},"canonical":"https:\/\/heforum.net\/en\/membership-levels\/","og_locale":"en_GB","og_type":"article","og_title":"Medlemsniv\u00e5er - Heavens Economic Forum","og_description":"Nyhetsbrev Den h\u00e4r niv\u00e5n kommer att h\u00e5lla dig uppdaterad om vad som h\u00e4nder h\u00e4r. Lite nu och d\u00e5, kanske 1-2 g\u00e5nger i m\u00e5naden, kommer du f\u00e5 v\u00e5rt nyhetsbrev och meddelanden via e-post om det vi tycker \u00e4r v\u00e4rt att uppdatera dig om. Den h\u00e4r niv\u00e5n ger dig inte m\u00f6jlighet att kommentera, l\u00e4sa kommentarer och vara [&hellip;]","og_url":"https:\/\/heforum.net\/en\/membership-levels\/","og_site_name":"Heavens Economic Forum","article_modified_time":"2024-10-13T10:18:17+00:00","twitter_card":"summary_large_image","twitter_misc":{"Estimated reading time":"2 minutes"},"schema":{"@context":"https:\/\/schema.org","@graph":[{"@type":"WebPage","@id":"https:\/\/heforum.net\/membership-levels\/","url":"https:\/\/heforum.net\/membership-levels\/","name":"Medlemsniv\u00e5er - Heavens Economic Forum","isPartOf":{"@id":"https:\/\/heforum.net\/#website"},"datePublished":"2024-09-23T14:57:03+00:00","dateModified":"2024-10-13T10:18:17+00:00","breadcrumb":{"@id":"https:\/\/heforum.net\/membership-levels\/#breadcrumb"},"inLanguage":"en-GB","potentialAction":[{"@type":"ReadAction","target":["https:\/\/heforum.net\/membership-levels\/"]}]},{"@type":"BreadcrumbList","@id":"https:\/\/heforum.net\/membership-levels\/#breadcrumb","itemListElement":[{"@type":"ListItem","position":1,"name":"Home","item":"https:\/\/heforum.net\/"},{"@type":"ListItem","position":2,"name":"Medlemsniv\u00e5er"}]},{"@type":"WebSite","@id":"https:\/\/heforum.net\/#website","url":"https:\/\/heforum.net\/","name":"Heavens Economic Forum","description":"F\u00f6r ett samh\u00e4lle byggt p\u00e5 r\u00e4ttf\u00e4rdighet och r\u00e4tt","publisher":{"@id":"https:\/\/heforum.net\/#organization"},"potentialAction":[{"@type":"SearchAction","target":{"@type":"EntryPoint","urlTemplate":"https:\/\/heforum.net\/?s={search_term_string}"},"query-input":{"@type":"PropertyValueSpecification","valueRequired":true,"valueName":"search_term_string"}}],"inLanguage":"en-GB"},{"@type":"Organization","@id":"https:\/\/heforum.net\/#organization","name":"Heavens Economic Forum","url":"https:\/\/heforum.net\/","logo":{"@type":"ImageObject","inLanguage":"en-GB","@id":"https:\/\/heforum.net\/#\/schema\/logo\/image\/","url":"https:\/\/heforum.net\/wp-content\/uploads\/2024\/09\/HEF-Logo-350x100-1.png","contentUrl":"https:\/\/heforum.net\/wp-content\/uploads\/2024\/09\/HEF-Logo-350x100-1.png","width":350,"height":133,"caption":"Heavens Economic Forum"},"image":{"@id":"https:\/\/heforum.net\/#\/schema\/logo\/image\/"}}]}},"_links":{"self":[{"href":"https:\/\/heforum.net\/en\/wp-json\/wp\/v2\/pages\/467","targetHints":{"allow":["GET"]}}],"collection":[{"href":"https:\/\/heforum.net\/en\/wp-json\/wp\/v2\/pages"}],"about":[{"href":"https:\/\/heforum.net\/en\/wp-json\/wp\/v2\/types\/page"}],"author":[{"embeddable":true,"href":"https:\/\/heforum.net\/en\/wp-json\/wp\/v2\/users\/1"}],"replies":[{"embeddable":true,"href":"https:\/\/heforum.net\/en\/wp-json\/wp\/v2\/comments?post=467"}],"version-history":[{"count":25,"href":"https:\/\/heforum.net\/en\/wp-json\/wp\/v2\/pages\/467\/revisions"}],"predecessor-version":[{"id":1117,"href":"https:\/\/heforum.net\/en\/wp-json\/wp\/v2\/pages\/467\/revisions\/1117"}],"wp:attachment":[{"href":"https:\/\/heforum.net\/en\/wp-json\/wp\/v2\/media?parent=467"}],"curies":[{"name":"wp","href":"https:\/\/api.w.org\/{rel}","templated":true}]}}